{"id":10537,"date":"2024-09-02T11:31:03","date_gmt":"2024-09-02T11:31:03","guid":{"rendered":"https:\/\/bullseyefurniture.com\/product\/old-swedish-corner-cabinet\/"},"modified":"2024-09-02T11:34:38","modified_gmt":"2024-09-02T11:34:38","slug":"old-swedish-corner-cabinet","status":"publish","type":"product","link":"https:\/\/bullseyefurniture.com\/nl\/product\/old-swedish-corner-cabinet\/","title":{"rendered":"Oude Zweedse hoekkast"},"content":{"rendered":"<p>Voeg een vleugje Scandinavische charme toe aan uw interieur met deze schitterende oude Zweedse hoekkast. Deze kast, met zijn prachtige patina, heeft door de jaren heen een warme en authentieke uitstraling gekregen die elke ruimte verrijkt. Het elegante ontwerp en de verfijnde afwerking maken het een ideale aanvulling voor zowel moderne als traditionele interieurs. Of u nu op zoek bent naar extra opbergruimte of gewoon een statement stuk wilt, deze hoekkast biedt functionaliteit en esthetiek in \u00e9\u00e9n. Laat de tijdloze schoonheid van dit authentieke Zweedse meubelstuk uw huis transformeren en een bijzondere sfeer cre\u00ebren.<\/p>\n","protected":false},"excerpt":{"rendered":"<p>Voeg een vleugje Scandinavische charme toe aan uw interieur met deze schitterende oude Zweedse hoekkast. Deze kast, met zijn prachtige patina, heeft door de jaren heen een warme en authentieke uitstraling gekregen die elke ruimte verrijkt. Het elegante ontwerp en de verfijnde afwerking maken het een ideale aanvulling voor zowel moderne als traditionele interieurs. Of&hellip;&nbsp;<a href=\"https:\/\/bullseyefurniture.com\/nl\/product\/old-swedish-corner-cabinet\/\" rel=\"bookmark\">Read More &raquo;<span class=\"screen-reader-text\">Oude Zweedse hoekkast<\/span><\/a><\/p>\n","protected":false},"featured_media":10495,"comment_status":"closed","ping_status":"closed","template":"","meta":{"_acf_changed":false,"inline_featured_image":false,"neve_meta_sidebar":"","neve_meta_container":"","neve_meta_enable_content_width":"off","neve_meta_content_width":100,"neve_meta_title_alignment":"","neve_meta_author_avatar":"","neve_post_elements_order":"","neve_meta_disable_header":"","neve_meta_disable_footer":"","neve_meta_disable_title":"","neve_meta_reading_time":""},"product_brand":[],"product_cat":[62],"product_tag":[],"class_list":{"0":"post-10537","1":"product","2":"type-product","3":"status-publish","4":"has-post-thumbnail","6":"product_cat-storage-nl","8":"first","9":"instock","10":"shipping-taxable","11":"product-type-simple"},"acf":[],"yoast_head":"<!-- This site is optimized with the Yoast SEO plugin v27.3 - https:\/\/yoast.com\/product\/yoast-seo-wordpress\/ -->\n<title>Oude Zweedse hoekkast - Bull&#039;s Eye<\/title>\n<meta name=\"robots\" content=\"index, follow, max-snippet:-1, max-image-preview:large, max-video-preview:-1\" \/>\n<link rel=\"canonical\" href=\"https:\/\/bullseyefurniture.com\/nl\/product\/old-swedish-corner-cabinet\/\" \/>\n<meta property=\"og:locale\" content=\"nl_NL\" \/>\n<meta property=\"og:type\" content=\"article\" \/>\n<meta property=\"og:title\" content=\"Oude Zweedse hoekkast - Bull&#039;s Eye\" \/>\n<meta property=\"og:description\" content=\"Voeg een vleugje Scandinavische charme toe aan uw interieur met deze schitterende oude Zweedse hoekkast. Deze kast, met zijn prachtige patina, heeft door de jaren heen een warme en authentieke uitstraling gekregen die elke ruimte verrijkt. Het elegante ontwerp en de verfijnde afwerking maken het een ideale aanvulling voor zowel moderne als traditionele interieurs. Of&hellip;&nbsp;Read More &raquo;Oude Zweedse hoekkast\" \/>\n<meta property=\"og:url\" content=\"https:\/\/bullseyefurniture.com\/nl\/product\/old-swedish-corner-cabinet\/\" \/>\n<meta property=\"og:site_name\" content=\"Bull&#039;s Eye\" \/>\n<meta property=\"article:modified_time\" content=\"2024-09-02T11:34:38+00:00\" \/>\n<meta property=\"og:image\" content=\"https:\/\/bullseyefurniture.com\/wp-content\/uploads\/2024\/09\/IMG_0319-scaled.jpg\" \/>\n\t<meta property=\"og:image:width\" content=\"2560\" \/>\n\t<meta property=\"og:image:height\" content=\"2560\" \/>\n\t<meta property=\"og:image:type\" content=\"image\/jpeg\" \/>\n<meta name=\"twitter:card\" content=\"summary_large_image\" \/>\n<meta name=\"twitter:label1\" content=\"Geschatte leestijd\" \/>\n\t<meta name=\"twitter:data1\" content=\"1 minuut\" \/>\n<script type=\"application\/ld+json\" class=\"yoast-schema-graph\">{\"@context\":\"https:\\\/\\\/schema.org\",\"@graph\":[{\"@type\":\"WebPage\",\"@id\":\"https:\\\/\\\/bullseyefurniture.com\\\/nl\\\/product\\\/old-swedish-corner-cabinet\\\/\",\"url\":\"https:\\\/\\\/bullseyefurniture.com\\\/nl\\\/product\\\/old-swedish-corner-cabinet\\\/\",\"name\":\"Oude Zweedse hoekkast - Bull&#039;s Eye\",\"isPartOf\":{\"@id\":\"https:\\\/\\\/bullseyefurniture.com\\\/#website\"},\"primaryImageOfPage\":{\"@id\":\"https:\\\/\\\/bullseyefurniture.com\\\/nl\\\/product\\\/old-swedish-corner-cabinet\\\/#primaryimage\"},\"image\":{\"@id\":\"https:\\\/\\\/bullseyefurniture.com\\\/nl\\\/product\\\/old-swedish-corner-cabinet\\\/#primaryimage\"},\"thumbnailUrl\":\"https:\\\/\\\/bullseyefurniture.com\\\/wp-content\\\/uploads\\\/2024\\\/09\\\/IMG_0319-scaled.jpg\",\"datePublished\":\"2024-09-02T11:31:03+00:00\",\"dateModified\":\"2024-09-02T11:34:38+00:00\",\"breadcrumb\":{\"@id\":\"https:\\\/\\\/bullseyefurniture.com\\\/nl\\\/product\\\/old-swedish-corner-cabinet\\\/#breadcrumb\"},\"inLanguage\":\"nl-NL\",\"potentialAction\":[{\"@type\":\"ReadAction\",\"target\":[\"https:\\\/\\\/bullseyefurniture.com\\\/nl\\\/product\\\/old-swedish-corner-cabinet\\\/\"]}]},{\"@type\":\"ImageObject\",\"inLanguage\":\"nl-NL\",\"@id\":\"https:\\\/\\\/bullseyefurniture.com\\\/nl\\\/product\\\/old-swedish-corner-cabinet\\\/#primaryimage\",\"url\":\"https:\\\/\\\/bullseyefurniture.com\\\/wp-content\\\/uploads\\\/2024\\\/09\\\/IMG_0319-scaled.jpg\",\"contentUrl\":\"https:\\\/\\\/bullseyefurniture.com\\\/wp-content\\\/uploads\\\/2024\\\/09\\\/IMG_0319-scaled.jpg\",\"width\":2560,\"height\":2560},{\"@type\":\"BreadcrumbList\",\"@id\":\"https:\\\/\\\/bullseyefurniture.com\\\/nl\\\/product\\\/old-swedish-corner-cabinet\\\/#breadcrumb\",\"itemListElement\":[{\"@type\":\"ListItem\",\"position\":1,\"name\":\"Home\",\"item\":\"https:\\\/\\\/bullseyefurniture.com\\\/nl\\\/\"},{\"@type\":\"ListItem\",\"position\":2,\"name\":\"Winkel\",\"item\":\"https:\\\/\\\/bullseyefurniture.com\\\/nl\\\/winkel\\\/\"},{\"@type\":\"ListItem\",\"position\":3,\"name\":\"Oude Zweedse hoekkast\"}]},{\"@type\":\"WebSite\",\"@id\":\"https:\\\/\\\/bullseyefurniture.com\\\/#website\",\"url\":\"https:\\\/\\\/bullseyefurniture.com\\\/\",\"name\":\"Bull&#039;s Eye\",\"description\":\"Furniture with a story\",\"publisher\":{\"@id\":\"https:\\\/\\\/bullseyefurniture.com\\\/#organization\"},\"potentialAction\":[{\"@type\":\"SearchAction\",\"target\":{\"@type\":\"EntryPoint\",\"urlTemplate\":\"https:\\\/\\\/bullseyefurniture.com\\\/?s={search_term_string}\"},\"query-input\":{\"@type\":\"PropertyValueSpecification\",\"valueRequired\":true,\"valueName\":\"search_term_string\"}}],\"inLanguage\":\"nl-NL\"},{\"@type\":\"Organization\",\"@id\":\"https:\\\/\\\/bullseyefurniture.com\\\/#organization\",\"name\":\"Bull&#039;s Eye\",\"url\":\"https:\\\/\\\/bullseyefurniture.com\\\/\",\"logo\":{\"@type\":\"ImageObject\",\"inLanguage\":\"nl-NL\",\"@id\":\"https:\\\/\\\/bullseyefurniture.com\\\/#\\\/schema\\\/logo\\\/image\\\/\",\"url\":\"https:\\\/\\\/bullseyefurniture.com\\\/wp-content\\\/uploads\\\/2021\\\/11\\\/bosh-and-bordon-logo.svg\",\"contentUrl\":\"https:\\\/\\\/bullseyefurniture.com\\\/wp-content\\\/uploads\\\/2021\\\/11\\\/bosh-and-bordon-logo.svg\",\"caption\":\"Bull&#039;s Eye\"},\"image\":{\"@id\":\"https:\\\/\\\/bullseyefurniture.com\\\/#\\\/schema\\\/logo\\\/image\\\/\"}}]}<\/script>\n<!-- \/ Yoast SEO plugin. -->","yoast_head_json":{"title":"Oude Zweedse hoekkast - Bull&#039;s Eye","robots":{"index":"index","follow":"follow","max-snippet":"max-snippet:-1","max-image-preview":"max-image-preview:large","max-video-preview":"max-video-preview:-1"},"canonical":"https:\/\/bullseyefurniture.com\/nl\/product\/old-swedish-corner-cabinet\/","og_locale":"nl_NL","og_type":"article","og_title":"Oude Zweedse hoekkast - Bull&#039;s Eye","og_description":"Voeg een vleugje Scandinavische charme toe aan uw interieur met deze schitterende oude Zweedse hoekkast. Deze kast, met zijn prachtige patina, heeft door de jaren heen een warme en authentieke uitstraling gekregen die elke ruimte verrijkt. Het elegante ontwerp en de verfijnde afwerking maken het een ideale aanvulling voor zowel moderne als traditionele interieurs. Of&hellip;&nbsp;Read More &raquo;Oude Zweedse hoekkast","og_url":"https:\/\/bullseyefurniture.com\/nl\/product\/old-swedish-corner-cabinet\/","og_site_name":"Bull&#039;s Eye","article_modified_time":"2024-09-02T11:34:38+00:00","og_image":[{"width":2560,"height":2560,"url":"https:\/\/bullseyefurniture.com\/wp-content\/uploads\/2024\/09\/IMG_0319-scaled.jpg","type":"image\/jpeg"}],"twitter_card":"summary_large_image","twitter_misc":{"Geschatte leestijd":"1 minuut"},"schema":{"@context":"https:\/\/schema.org","@graph":[{"@type":"WebPage","@id":"https:\/\/bullseyefurniture.com\/nl\/product\/old-swedish-corner-cabinet\/","url":"https:\/\/bullseyefurniture.com\/nl\/product\/old-swedish-corner-cabinet\/","name":"Oude Zweedse hoekkast - Bull&#039;s Eye","isPartOf":{"@id":"https:\/\/bullseyefurniture.com\/#website"},"primaryImageOfPage":{"@id":"https:\/\/bullseyefurniture.com\/nl\/product\/old-swedish-corner-cabinet\/#primaryimage"},"image":{"@id":"https:\/\/bullseyefurniture.com\/nl\/product\/old-swedish-corner-cabinet\/#primaryimage"},"thumbnailUrl":"https:\/\/bullseyefurniture.com\/wp-content\/uploads\/2024\/09\/IMG_0319-scaled.jpg","datePublished":"2024-09-02T11:31:03+00:00","dateModified":"2024-09-02T11:34:38+00:00","breadcrumb":{"@id":"https:\/\/bullseyefurniture.com\/nl\/product\/old-swedish-corner-cabinet\/#breadcrumb"},"inLanguage":"nl-NL","potentialAction":[{"@type":"ReadAction","target":["https:\/\/bullseyefurniture.com\/nl\/product\/old-swedish-corner-cabinet\/"]}]},{"@type":"ImageObject","inLanguage":"nl-NL","@id":"https:\/\/bullseyefurniture.com\/nl\/product\/old-swedish-corner-cabinet\/#primaryimage","url":"https:\/\/bullseyefurniture.com\/wp-content\/uploads\/2024\/09\/IMG_0319-scaled.jpg","contentUrl":"https:\/\/bullseyefurniture.com\/wp-content\/uploads\/2024\/09\/IMG_0319-scaled.jpg","width":2560,"height":2560},{"@type":"BreadcrumbList","@id":"https:\/\/bullseyefurniture.com\/nl\/product\/old-swedish-corner-cabinet\/#breadcrumb","itemListElement":[{"@type":"ListItem","position":1,"name":"Home","item":"https:\/\/bullseyefurniture.com\/nl\/"},{"@type":"ListItem","position":2,"name":"Winkel","item":"https:\/\/bullseyefurniture.com\/nl\/winkel\/"},{"@type":"ListItem","position":3,"name":"Oude Zweedse hoekkast"}]},{"@type":"WebSite","@id":"https:\/\/bullseyefurniture.com\/#website","url":"https:\/\/bullseyefurniture.com\/","name":"Bull&#039;s Eye","description":"Furniture with a story","publisher":{"@id":"https:\/\/bullseyefurniture.com\/#organization"},"potentialAction":[{"@type":"SearchAction","target":{"@type":"EntryPoint","urlTemplate":"https:\/\/bullseyefurniture.com\/?s={search_term_string}"},"query-input":{"@type":"PropertyValueSpecification","valueRequired":true,"valueName":"search_term_string"}}],"inLanguage":"nl-NL"},{"@type":"Organization","@id":"https:\/\/bullseyefurniture.com\/#organization","name":"Bull&#039;s Eye","url":"https:\/\/bullseyefurniture.com\/","logo":{"@type":"ImageObject","inLanguage":"nl-NL","@id":"https:\/\/bullseyefurniture.com\/#\/schema\/logo\/image\/","url":"https:\/\/bullseyefurniture.com\/wp-content\/uploads\/2021\/11\/bosh-and-bordon-logo.svg","contentUrl":"https:\/\/bullseyefurniture.com\/wp-content\/uploads\/2021\/11\/bosh-and-bordon-logo.svg","caption":"Bull&#039;s Eye"},"image":{"@id":"https:\/\/bullseyefurniture.com\/#\/schema\/logo\/image\/"}}]}},"rttpg_featured_image_url":{"full":["https:\/\/bullseyefurniture.com\/wp-content\/uploads\/2024\/09\/IMG_0319-scaled.jpg",2560,2560,false],"landscape":["https:\/\/bullseyefurniture.com\/wp-content\/uploads\/2024\/09\/IMG_0319-scaled.jpg",2560,2560,false],"portraits":["https:\/\/bullseyefurniture.com\/wp-content\/uploads\/2024\/09\/IMG_0319-scaled.jpg",2560,2560,false],"thumbnail":["https:\/\/bullseyefurniture.com\/wp-content\/uploads\/2024\/09\/IMG_0319-scaled.jpg",96,96,false],"medium":["https:\/\/bullseyefurniture.com\/wp-content\/uploads\/2024\/09\/IMG_0319-scaled.jpg",2560,2560,false],"large":["https:\/\/bullseyefurniture.com\/wp-content\/uploads\/2024\/09\/IMG_0319-scaled.jpg",2560,2560,false],"1536x1536":["https:\/\/bullseyefurniture.com\/wp-content\/uploads\/2024\/09\/IMG_0319-1536x1536.jpg",1536,1536,true],"2048x2048":["https:\/\/bullseyefurniture.com\/wp-content\/uploads\/2024\/09\/IMG_0319-2048x2048.jpg",2048,2048,true],"neve-blog":["https:\/\/bullseyefurniture.com\/wp-content\/uploads\/2024\/09\/IMG_0319-930x620.jpg",930,620,true],"woocommerce_thumbnail":["https:\/\/bullseyefurniture.com\/wp-content\/uploads\/2024\/09\/IMG_0319-600x600.jpg",600,600,true],"woocommerce_single":["https:\/\/bullseyefurniture.com\/wp-content\/uploads\/2024\/09\/IMG_0319-1000x1000.jpg",1000,1000,true],"woocommerce_gallery_thumbnail":["https:\/\/bullseyefurniture.com\/wp-content\/uploads\/2024\/09\/IMG_0319-200x200.jpg",200,200,true],"rt_custom":["https:\/\/bullseyefurniture.com\/wp-content\/uploads\/2024\/09\/IMG_0319-scaled.jpg",2560,2560,false]},"rttpg_author":{"display_name":"Guy Pourbaix","author_link":"https:\/\/bullseyefurniture.com\/nl\/author\/"},"rttpg_comment":0,"rttpg_category":false,"rttpg_excerpt":"Voeg een vleugje Scandinavische charme toe aan uw interieur met deze schitterende oude Zweedse hoekkast. Deze kast, met zijn prachtige patina, heeft door de jaren heen een warme en authentieke uitstraling gekregen die elke ruimte verrijkt. Het elegante ontwerp en de verfijnde afwerking maken het een ideale aanvulling voor zowel moderne als traditionele interieurs. Of&hellip;&nbsp;Read&hellip;","_links":{"self":[{"href":"https:\/\/bullseyefurniture.com\/nl\/wp-json\/wp\/v2\/product\/10537","targetHints":{"allow":["GET"]}}],"collection":[{"href":"https:\/\/bullseyefurniture.com\/nl\/wp-json\/wp\/v2\/product"}],"about":[{"href":"https:\/\/bullseyefurniture.com\/nl\/wp-json\/wp\/v2\/types\/product"}],"replies":[{"embeddable":true,"href":"https:\/\/bullseyefurniture.com\/nl\/wp-json\/wp\/v2\/comments?post=10537"}],"wp:featuredmedia":[{"embeddable":true,"href":"https:\/\/bullseyefurniture.com\/nl\/wp-json\/wp\/v2\/media\/10495"}],"wp:attachment":[{"href":"https:\/\/bullseyefurniture.com\/nl\/wp-json\/wp\/v2\/media?parent=10537"}],"wp:term":[{"taxonomy":"product_brand","embeddable":true,"href":"https:\/\/bullseyefurniture.com\/nl\/wp-json\/wp\/v2\/product_brand?post=10537"},{"taxonomy":"product_cat","embeddable":true,"href":"https:\/\/bullseyefurniture.com\/nl\/wp-json\/wp\/v2\/product_cat?post=10537"},{"taxonomy":"product_tag","embeddable":true,"href":"https:\/\/bullseyefurniture.com\/nl\/wp-json\/wp\/v2\/product_tag?post=10537"}],"curies":[{"name":"wp","href":"https:\/\/api.w.org\/{rel}","templated":true}]}}