{"id":3736,"date":"2023-01-14T17:03:21","date_gmt":"2023-01-14T17:03:21","guid":{"rendered":"https:\/\/bullseyefurniture.com\/product\/cafe-interior-bar-mirror-copper-sink-furniture-interior-storage\/"},"modified":"2023-01-14T17:06:48","modified_gmt":"2023-01-14T17:06:48","slug":"cafe-inrichting-meesterwerk-uniek-koperen-spoelbak-2-delen-toog","status":"publish","type":"product","link":"https:\/\/bullseyefurniture.com\/nl\/product\/cafe-inrichting-meesterwerk-uniek-koperen-spoelbak-2-delen-toog\/","title":{"rendered":"Cafe inrichting"},"content":{"rendered":"<p>Tussen de achterwand en de toog is er ook een verhoog gemaakt zodat je hoger achter je toog kunt staan.<\/p>\n<p>Er is een koperen spoelbak aanwezig dit nog volledig intact is en opnieuw kan gebruikt worden.<\/p>\n<p>Complete oude caf\u00e9es zijn heel zeldzaam, we hebben het geluk er \u00e9\u00e9ntje gevonden te hebben.<\/p>\n","protected":false},"excerpt":{"rendered":"<p>We kregen de tip dat er net over de grens met Frankrijk een oude bruine caf\u00e9 ging sluiten.<\/p>\n<p>Bij aankomst leek de caf\u00e9 al een geruime tijd gesloten.<\/p>\n<p>Na wat rondvragen zijn we bij de eigenaars terecht gekomen.<\/p>\n<p>We hebben de deal echt tussen pot en pint gesloten.<\/p>\n<p>Ze hebben een paar familieleden opgetrommeld en we hebben alles direct kunnen inladen.<\/p>\n<p>We hebben wel een paar dagen nodig gehad om het meubel te poetsen.<\/p>\n<p>Eind goed al goed.<\/p>\n","protected":false},"featured_media":3090,"comment_status":"closed","ping_status":"closed","template":"","meta":{"_acf_changed":false,"inline_featured_image":false,"neve_meta_sidebar":"","neve_meta_container":"","neve_meta_enable_content_width":"off","neve_meta_content_width":100,"neve_meta_title_alignment":"","neve_meta_author_avatar":"","neve_post_elements_order":"","neve_meta_disable_header":"","neve_meta_disable_footer":"","neve_meta_disable_title":"","neve_meta_reading_time":""},"product_brand":[],"product_cat":[69],"product_tag":[],"class_list":{"0":"post-3736","1":"product","2":"type-product","3":"status-publish","4":"has-post-thumbnail","6":"product_cat-shop-interior-nl-2","8":"first","9":"instock","10":"shipping-taxable","11":"product-type-simple"},"acf":[],"yoast_head":"<!-- This site is optimized with the Yoast SEO plugin v27.3 - https:\/\/yoast.com\/product\/yoast-seo-wordpress\/ -->\n<title>Cafe inrichting - Bull&#039;s Eye<\/title>\n<meta name=\"robots\" content=\"index, follow, max-snippet:-1, max-image-preview:large, max-video-preview:-1\" \/>\n<link rel=\"canonical\" href=\"https:\/\/bullseyefurniture.com\/product\/cafe-interior-bar-mirror-copper-sink-furniture-interior-storage\/\" \/>\n<meta property=\"og:locale\" content=\"nl_NL\" \/>\n<meta property=\"og:type\" content=\"article\" \/>\n<meta property=\"og:title\" content=\"Cafe inrichting - Bull&#039;s Eye\" \/>\n<meta property=\"og:description\" content=\"We kregen de tip dat er net over de grens met Frankrijk een oude bruine caf\u00e9 ging sluiten.  Bij aankomst leek de caf\u00e9 al een geruime tijd gesloten.  Na wat rondvragen zijn we bij de eigenaars terecht gekomen.  We hebben de deal echt tussen pot en pint gesloten.  Ze hebben een paar familieleden opgetrommeld en we hebben alles direct kunnen inladen.  We hebben wel een paar dagen nodig gehad om het meubel te poetsen.  Eind goed al goed.\" \/>\n<meta property=\"og:url\" content=\"https:\/\/bullseyefurniture.com\/product\/cafe-interior-bar-mirror-copper-sink-furniture-interior-storage\/\" \/>\n<meta property=\"og:site_name\" content=\"Bull&#039;s Eye\" \/>\n<meta property=\"article:modified_time\" content=\"2023-01-14T17:06:48+00:00\" \/>\n<meta property=\"og:image\" content=\"https:\/\/bullseyefurniture.com\/wp-content\/uploads\/2023\/01\/D74A7721-scaled.jpg\" \/>\n\t<meta property=\"og:image:width\" content=\"2560\" \/>\n\t<meta property=\"og:image:height\" content=\"2560\" \/>\n\t<meta property=\"og:image:type\" content=\"image\/jpeg\" \/>\n<meta name=\"twitter:card\" content=\"summary_large_image\" \/>\n<meta name=\"twitter:label1\" content=\"Geschatte leestijd\" \/>\n\t<meta name=\"twitter:data1\" content=\"1 minuut\" \/>\n<script type=\"application\/ld+json\" class=\"yoast-schema-graph\">{\"@context\":\"https:\\\/\\\/schema.org\",\"@graph\":[{\"@type\":\"WebPage\",\"@id\":\"https:\\\/\\\/bullseyefurniture.com\\\/product\\\/cafe-interior-bar-mirror-copper-sink-furniture-interior-storage\\\/\",\"url\":\"https:\\\/\\\/bullseyefurniture.com\\\/product\\\/cafe-interior-bar-mirror-copper-sink-furniture-interior-storage\\\/\",\"name\":\"Cafe inrichting - Bull&#039;s Eye\",\"isPartOf\":{\"@id\":\"https:\\\/\\\/bullseyefurniture.com\\\/#website\"},\"primaryImageOfPage\":{\"@id\":\"https:\\\/\\\/bullseyefurniture.com\\\/product\\\/cafe-interior-bar-mirror-copper-sink-furniture-interior-storage\\\/#primaryimage\"},\"image\":{\"@id\":\"https:\\\/\\\/bullseyefurniture.com\\\/product\\\/cafe-interior-bar-mirror-copper-sink-furniture-interior-storage\\\/#primaryimage\"},\"thumbnailUrl\":\"https:\\\/\\\/bullseyefurniture.com\\\/wp-content\\\/uploads\\\/2023\\\/01\\\/D74A7721-scaled.jpg\",\"datePublished\":\"2023-01-14T17:03:21+00:00\",\"dateModified\":\"2023-01-14T17:06:48+00:00\",\"breadcrumb\":{\"@id\":\"https:\\\/\\\/bullseyefurniture.com\\\/product\\\/cafe-interior-bar-mirror-copper-sink-furniture-interior-storage\\\/#breadcrumb\"},\"inLanguage\":\"nl-NL\",\"potentialAction\":[{\"@type\":\"ReadAction\",\"target\":[\"https:\\\/\\\/bullseyefurniture.com\\\/product\\\/cafe-interior-bar-mirror-copper-sink-furniture-interior-storage\\\/\"]}]},{\"@type\":\"ImageObject\",\"inLanguage\":\"nl-NL\",\"@id\":\"https:\\\/\\\/bullseyefurniture.com\\\/product\\\/cafe-interior-bar-mirror-copper-sink-furniture-interior-storage\\\/#primaryimage\",\"url\":\"https:\\\/\\\/bullseyefurniture.com\\\/wp-content\\\/uploads\\\/2023\\\/01\\\/D74A7721-scaled.jpg\",\"contentUrl\":\"https:\\\/\\\/bullseyefurniture.com\\\/wp-content\\\/uploads\\\/2023\\\/01\\\/D74A7721-scaled.jpg\",\"width\":2560,\"height\":2560},{\"@type\":\"BreadcrumbList\",\"@id\":\"https:\\\/\\\/bullseyefurniture.com\\\/product\\\/cafe-interior-bar-mirror-copper-sink-furniture-interior-storage\\\/#breadcrumb\",\"itemListElement\":[{\"@type\":\"ListItem\",\"position\":1,\"name\":\"Home\",\"item\":\"https:\\\/\\\/bullseyefurniture.com\\\/nl\\\/\"},{\"@type\":\"ListItem\",\"position\":2,\"name\":\"Winkel\",\"item\":\"https:\\\/\\\/bullseyefurniture.com\\\/nl\\\/winkel\\\/\"},{\"@type\":\"ListItem\",\"position\":3,\"name\":\"Cafe inrichting\"}]},{\"@type\":\"WebSite\",\"@id\":\"https:\\\/\\\/bullseyefurniture.com\\\/#website\",\"url\":\"https:\\\/\\\/bullseyefurniture.com\\\/\",\"name\":\"Bull&#039;s Eye\",\"description\":\"Furniture with a story\",\"publisher\":{\"@id\":\"https:\\\/\\\/bullseyefurniture.com\\\/#organization\"},\"potentialAction\":[{\"@type\":\"SearchAction\",\"target\":{\"@type\":\"EntryPoint\",\"urlTemplate\":\"https:\\\/\\\/bullseyefurniture.com\\\/?s={search_term_string}\"},\"query-input\":{\"@type\":\"PropertyValueSpecification\",\"valueRequired\":true,\"valueName\":\"search_term_string\"}}],\"inLanguage\":\"nl-NL\"},{\"@type\":\"Organization\",\"@id\":\"https:\\\/\\\/bullseyefurniture.com\\\/#organization\",\"name\":\"Bull&#039;s Eye\",\"url\":\"https:\\\/\\\/bullseyefurniture.com\\\/\",\"logo\":{\"@type\":\"ImageObject\",\"inLanguage\":\"nl-NL\",\"@id\":\"https:\\\/\\\/bullseyefurniture.com\\\/#\\\/schema\\\/logo\\\/image\\\/\",\"url\":\"https:\\\/\\\/bullseyefurniture.com\\\/wp-content\\\/uploads\\\/2021\\\/11\\\/bosh-and-bordon-logo.svg\",\"contentUrl\":\"https:\\\/\\\/bullseyefurniture.com\\\/wp-content\\\/uploads\\\/2021\\\/11\\\/bosh-and-bordon-logo.svg\",\"caption\":\"Bull&#039;s Eye\"},\"image\":{\"@id\":\"https:\\\/\\\/bullseyefurniture.com\\\/#\\\/schema\\\/logo\\\/image\\\/\"}}]}<\/script>\n<!-- \/ Yoast SEO plugin. -->","yoast_head_json":{"title":"Cafe inrichting - Bull&#039;s Eye","robots":{"index":"index","follow":"follow","max-snippet":"max-snippet:-1","max-image-preview":"max-image-preview:large","max-video-preview":"max-video-preview:-1"},"canonical":"https:\/\/bullseyefurniture.com\/product\/cafe-interior-bar-mirror-copper-sink-furniture-interior-storage\/","og_locale":"nl_NL","og_type":"article","og_title":"Cafe inrichting - Bull&#039;s Eye","og_description":"We kregen de tip dat er net over de grens met Frankrijk een oude bruine caf\u00e9 ging sluiten.  Bij aankomst leek de caf\u00e9 al een geruime tijd gesloten.  Na wat rondvragen zijn we bij de eigenaars terecht gekomen.  We hebben de deal echt tussen pot en pint gesloten.  Ze hebben een paar familieleden opgetrommeld en we hebben alles direct kunnen inladen.  We hebben wel een paar dagen nodig gehad om het meubel te poetsen.  Eind goed al goed.","og_url":"https:\/\/bullseyefurniture.com\/product\/cafe-interior-bar-mirror-copper-sink-furniture-interior-storage\/","og_site_name":"Bull&#039;s Eye","article_modified_time":"2023-01-14T17:06:48+00:00","og_image":[{"width":2560,"height":2560,"url":"https:\/\/bullseyefurniture.com\/wp-content\/uploads\/2023\/01\/D74A7721-scaled.jpg","type":"image\/jpeg"}],"twitter_card":"summary_large_image","twitter_misc":{"Geschatte leestijd":"1 minuut"},"schema":{"@context":"https:\/\/schema.org","@graph":[{"@type":"WebPage","@id":"https:\/\/bullseyefurniture.com\/product\/cafe-interior-bar-mirror-copper-sink-furniture-interior-storage\/","url":"https:\/\/bullseyefurniture.com\/product\/cafe-interior-bar-mirror-copper-sink-furniture-interior-storage\/","name":"Cafe inrichting - Bull&#039;s Eye","isPartOf":{"@id":"https:\/\/bullseyefurniture.com\/#website"},"primaryImageOfPage":{"@id":"https:\/\/bullseyefurniture.com\/product\/cafe-interior-bar-mirror-copper-sink-furniture-interior-storage\/#primaryimage"},"image":{"@id":"https:\/\/bullseyefurniture.com\/product\/cafe-interior-bar-mirror-copper-sink-furniture-interior-storage\/#primaryimage"},"thumbnailUrl":"https:\/\/bullseyefurniture.com\/wp-content\/uploads\/2023\/01\/D74A7721-scaled.jpg","datePublished":"2023-01-14T17:03:21+00:00","dateModified":"2023-01-14T17:06:48+00:00","breadcrumb":{"@id":"https:\/\/bullseyefurniture.com\/product\/cafe-interior-bar-mirror-copper-sink-furniture-interior-storage\/#breadcrumb"},"inLanguage":"nl-NL","potentialAction":[{"@type":"ReadAction","target":["https:\/\/bullseyefurniture.com\/product\/cafe-interior-bar-mirror-copper-sink-furniture-interior-storage\/"]}]},{"@type":"ImageObject","inLanguage":"nl-NL","@id":"https:\/\/bullseyefurniture.com\/product\/cafe-interior-bar-mirror-copper-sink-furniture-interior-storage\/#primaryimage","url":"https:\/\/bullseyefurniture.com\/wp-content\/uploads\/2023\/01\/D74A7721-scaled.jpg","contentUrl":"https:\/\/bullseyefurniture.com\/wp-content\/uploads\/2023\/01\/D74A7721-scaled.jpg","width":2560,"height":2560},{"@type":"BreadcrumbList","@id":"https:\/\/bullseyefurniture.com\/product\/cafe-interior-bar-mirror-copper-sink-furniture-interior-storage\/#breadcrumb","itemListElement":[{"@type":"ListItem","position":1,"name":"Home","item":"https:\/\/bullseyefurniture.com\/nl\/"},{"@type":"ListItem","position":2,"name":"Winkel","item":"https:\/\/bullseyefurniture.com\/nl\/winkel\/"},{"@type":"ListItem","position":3,"name":"Cafe inrichting"}]},{"@type":"WebSite","@id":"https:\/\/bullseyefurniture.com\/#website","url":"https:\/\/bullseyefurniture.com\/","name":"Bull&#039;s Eye","description":"Furniture with a story","publisher":{"@id":"https:\/\/bullseyefurniture.com\/#organization"},"potentialAction":[{"@type":"SearchAction","target":{"@type":"EntryPoint","urlTemplate":"https:\/\/bullseyefurniture.com\/?s={search_term_string}"},"query-input":{"@type":"PropertyValueSpecification","valueRequired":true,"valueName":"search_term_string"}}],"inLanguage":"nl-NL"},{"@type":"Organization","@id":"https:\/\/bullseyefurniture.com\/#organization","name":"Bull&#039;s Eye","url":"https:\/\/bullseyefurniture.com\/","logo":{"@type":"ImageObject","inLanguage":"nl-NL","@id":"https:\/\/bullseyefurniture.com\/#\/schema\/logo\/image\/","url":"https:\/\/bullseyefurniture.com\/wp-content\/uploads\/2021\/11\/bosh-and-bordon-logo.svg","contentUrl":"https:\/\/bullseyefurniture.com\/wp-content\/uploads\/2021\/11\/bosh-and-bordon-logo.svg","caption":"Bull&#039;s Eye"},"image":{"@id":"https:\/\/bullseyefurniture.com\/#\/schema\/logo\/image\/"}}]}},"rttpg_featured_image_url":{"full":["https:\/\/bullseyefurniture.com\/wp-content\/uploads\/2023\/01\/D74A7721-scaled.jpg",2560,2560,false],"landscape":["https:\/\/bullseyefurniture.com\/wp-content\/uploads\/2023\/01\/D74A7721-scaled.jpg",2560,2560,false],"portraits":["https:\/\/bullseyefurniture.com\/wp-content\/uploads\/2023\/01\/D74A7721-scaled.jpg",2560,2560,false],"thumbnail":["https:\/\/bullseyefurniture.com\/wp-content\/uploads\/2023\/01\/D74A7721-200x200.jpg",96,96,true],"medium":["https:\/\/bullseyefurniture.com\/wp-content\/uploads\/2023\/01\/D74A7721-400x400.jpg",400,400,true],"large":["https:\/\/bullseyefurniture.com\/wp-content\/uploads\/2023\/01\/D74A7721-800x800.jpg",800,800,true],"1536x1536":["https:\/\/bullseyefurniture.com\/wp-content\/uploads\/2023\/01\/D74A7721-1536x1536.jpg",1536,1536,true],"2048x2048":["https:\/\/bullseyefurniture.com\/wp-content\/uploads\/2023\/01\/D74A7721-2048x2048.jpg",2048,2048,true],"neve-blog":["https:\/\/bullseyefurniture.com\/wp-content\/uploads\/2023\/01\/D74A7721-930x620.jpg",930,620,true],"woocommerce_thumbnail":["https:\/\/bullseyefurniture.com\/wp-content\/uploads\/2023\/01\/D74A7721-600x600.jpg",600,600,true],"woocommerce_single":["https:\/\/bullseyefurniture.com\/wp-content\/uploads\/2023\/01\/D74A7721-1000x1000.jpg",1000,1000,true],"woocommerce_gallery_thumbnail":["https:\/\/bullseyefurniture.com\/wp-content\/uploads\/2023\/01\/D74A7721-200x200.jpg",200,200,true],"rt_custom":["https:\/\/bullseyefurniture.com\/wp-content\/uploads\/2023\/01\/D74A7721-scaled.jpg",2560,2560,false]},"rttpg_author":{"display_name":"Guy Pourbaix","author_link":"https:\/\/bullseyefurniture.com\/nl\/author\/"},"rttpg_comment":0,"rttpg_category":false,"rttpg_excerpt":"We kregen de tip dat er net over de grens met Frankrijk een oude bruine caf\u00e9 ging sluiten. Bij aankomst leek de caf\u00e9 al een geruime tijd gesloten. Na wat rondvragen zijn we bij de eigenaars terecht gekomen. We hebben de deal echt tussen pot en pint gesloten. Ze hebben een paar familieleden opgetrommeld en&hellip;","_links":{"self":[{"href":"https:\/\/bullseyefurniture.com\/nl\/wp-json\/wp\/v2\/product\/3736","targetHints":{"allow":["GET"]}}],"collection":[{"href":"https:\/\/bullseyefurniture.com\/nl\/wp-json\/wp\/v2\/product"}],"about":[{"href":"https:\/\/bullseyefurniture.com\/nl\/wp-json\/wp\/v2\/types\/product"}],"replies":[{"embeddable":true,"href":"https:\/\/bullseyefurniture.com\/nl\/wp-json\/wp\/v2\/comments?post=3736"}],"wp:featuredmedia":[{"embeddable":true,"href":"https:\/\/bullseyefurniture.com\/nl\/wp-json\/wp\/v2\/media\/3090"}],"wp:attachment":[{"href":"https:\/\/bullseyefurniture.com\/nl\/wp-json\/wp\/v2\/media?parent=3736"}],"wp:term":[{"taxonomy":"product_brand","embeddable":true,"href":"https:\/\/bullseyefurniture.com\/nl\/wp-json\/wp\/v2\/product_brand?post=3736"},{"taxonomy":"product_cat","embeddable":true,"href":"https:\/\/bullseyefurniture.com\/nl\/wp-json\/wp\/v2\/product_cat?post=3736"},{"taxonomy":"product_tag","embeddable":true,"href":"https:\/\/bullseyefurniture.com\/nl\/wp-json\/wp\/v2\/product_tag?post=3736"}],"curies":[{"name":"wp","href":"https:\/\/api.w.org\/{rel}","templated":true}]}}